{"id":230,"date":"2018-01-10T14:15:28","date_gmt":"2018-01-10T14:15:28","guid":{"rendered":"http:\/\/bridge129.qodeinteractive.com\/?page_id=4"},"modified":"2020-05-08T09:25:21","modified_gmt":"2020-05-08T09:25:21","slug":"home","status":"publish","type":"page","link":"https:\/\/fliesen-haskiewicz.de\/","title":{"rendered":"Home"},"content":{"rendered":"<p>[vc_row css_animation=&#8221;&#8221; row_type=&#8221;row&#8221; use_row_as_full_screen_section=&#8221;no&#8221; type=&#8221;full_width&#8221; angled_section=&#8221;no&#8221; text_align=&#8221;left&#8221; background_image_as_pattern=&#8221;without_pattern&#8221; z_index=&#8221;&#8221;][vc_column][rev_slider_vc alias=&#8221;home-slider&#8221;][\/vc_column][\/vc_row][vc_row css_animation=&#8221;&#8221; row_type=&#8221;row&#8221; use_row_as_full_screen_section=&#8221;no&#8221; type=&#8221;grid&#8221; angled_section=&#8221;no&#8221; text_align=&#8221;center&#8221; background_image_as_pattern=&#8221;without_pattern&#8221; z_index=&#8221;&#8221; css=&#8221;.vc_custom_1515744295490{background-color: #ecebeb !important;}&#8221;][vc_column css=&#8221;.vc_custom_1515594685991{margin-top: -14% !important;}&#8221;][vc_row_inner row_type=&#8221;row&#8221; type=&#8221;full_width&#8221; text_align=&#8221;center&#8221; css_animation=&#8221;&#8221;][vc_column_inner offset=&#8221;vc_col-md-4&#8243;][qode_elements_holder number_of_columns=&#8221;one_column&#8221;][qode_elements_holder_item advanced_animations=&#8221;no&#8221; background_color=&#8221;#ffffff&#8221; item_padding=&#8221;13% 11% 13% 11%&#8221;][vc_single_image image=&#8221;280&#8243; img_size=&#8221;full&#8221; alignment=&#8221;center&#8221; qode_css_animation=&#8221;&#8221;][vc_empty_space height=&#8221;34px&#8221;][vc_column_text]<\/p>\n<h2>Planung<\/h2>\n<p>[\/vc_column_text][vc_empty_space height=&#8221;13px&#8221;][vc_column_text]Bei der Planung Ihrer individuellen Projektw\u00fcnsche verwirklichen wir gemeinsam Ihr Ziel f\u00fcr eine optimale Umsetzung. Von der ersten Skizze, \u00fcber die Planung bis hin zur fertigen Montage stehe ich Ihnen als professioneller Partner zur Seite.[\/vc_column_text][\/qode_elements_holder_item][\/qode_elements_holder][vc_empty_space height=&#8221;30px&#8221;][\/vc_column_inner][vc_column_inner offset=&#8221;vc_col-md-4&#8243;][qode_elements_holder number_of_columns=&#8221;one_column&#8221;][qode_elements_holder_item advanced_animations=&#8221;no&#8221; background_color=&#8221;#ffffff&#8221; item_padding=&#8221;13% 11% 13% 11%&#8221;][vc_single_image image=&#8221;278&#8243; img_size=&#8221;full&#8221; alignment=&#8221;center&#8221; qode_css_animation=&#8221;&#8221;][vc_empty_space height=&#8221;31px&#8221;][vc_column_text]<\/p>\n<h2>Ausf\u00fchrung<\/h2>\n<p>[\/vc_column_text][vc_empty_space height=&#8221;13px&#8221;][vc_column_text]Die auszuf\u00fchrenden Arbeiten werden mit hohem Qualit\u00e4tsbewusstsein und einer professionellen Sorgsamkeit innerhalb des geplanten Projektzeitraums erf\u00fcllt.[\/vc_column_text][\/qode_elements_holder_item][\/qode_elements_holder][vc_empty_space height=&#8221;30px&#8221;][\/vc_column_inner][vc_column_inner offset=&#8221;vc_col-md-4&#8243;][qode_elements_holder number_of_columns=&#8221;one_column&#8221;][qode_elements_holder_item advanced_animations=&#8221;no&#8221; background_color=&#8221;#ffffff&#8221; item_padding=&#8221;13% 11% 13% 11%&#8221; item_padding_768_1024=&#8221;19% 11% 55px 11%&#8221;][vc_single_image image=&#8221;279&#8243; img_size=&#8221;full&#8221; alignment=&#8221;center&#8221; qode_css_animation=&#8221;&#8221;][vc_empty_space height=&#8221;31px&#8221;][vc_column_text]<\/p>\n<h2><span style=\"color: #010101;\">Material<\/span><\/h2>\n<p>[\/vc_column_text][vc_empty_space height=&#8221;13px&#8221;][vc_column_text]Qualitativ hochwertige Materialbeschaffung zu fairen Preisen ist mein Markenzeichen.[\/vc_column_text][\/qode_elements_holder_item][\/qode_elements_holder][\/vc_column_inner][\/vc_row_inner][\/vc_column][\/vc_row][vc_row css_animation=&#8221;&#8221; row_type=&#8221;row&#8221; use_row_as_full_screen_section=&#8221;no&#8221; type=&#8221;grid&#8221; angled_section=&#8221;no&#8221; text_align=&#8221;center&#8221; background_image_as_pattern=&#8221;without_pattern&#8221; padding_top=&#8221;87&#8243; padding_bottom=&#8221;65&#8243; z_index=&#8221;&#8221; css=&#8221;.vc_custom_1515744306795{background-color: #ecebeb !important;}&#8221;][vc_column width=&#8221;2\/3&#8243; offset=&#8221;vc_col-sm-offset-2&#8243;][vc_column_text]<\/p>\n<h2>Ihr Spezialist\u00a0rund um Granit, Naturstein und Fliesenverlegung.<\/h2>\n<p>[\/vc_column_text][vc_separator type=&#8221;small&#8221; position=&#8221;center&#8221; color=&#8221;#fab012&#8243; thickness=&#8221;4&#8243; width=&#8221;48&#8243; up=&#8221;17&#8243; down=&#8221;25&#8243;][vc_column_text]<\/p>\n<h5>Ich freue mich, dass Sie den Weg auf meine Webseite gefunden haben und bedanke mich f\u00fcr Ihr Interesse. Mein Name ist\u00a0<strong>Sebastian Haskiewicz<\/strong>\u00a0und\u00a0ich\u00a0bin seit \u00fcber 10\u00a0Jahren Ihr kompetenter Ansprechpartner im Raum D\u00fcsseldorf rund um das\u00a0<strong>Thema<\/strong>\u00a0Fliesen und Fliesenverlegung, Natur- und Granitstein, Baddesign- und Sanierung, Bodenverlegung und Trockenbau.<\/h5>\n<p>&nbsp;<\/p>\n<h5>Von der Planung bis zur Fertigung \u2013 ich sichere Ihnen eine\u00a0<strong>fachkundige und professionelle Zusammenarbeit<\/strong>\u00a0zu. Schauen Sie sich gerne f\u00fcr detaillierte Informationen auf meiner Webseite um und entdecken Sie meine Arbeiten.\u00a0F\u00fcr\u00a0Fragen und Beratungsanfragen stehen ich\u00a0Ihnen gerne zu Verf\u00fcgung. Ich\u00a0w\u00fcrde\u00a0<strong>mich\u00a0sehr freuen<\/strong>, Sie\u00a0pers\u00f6nlich\u00a0kennenzulernen.<\/h5>\n<p>[\/vc_column_text][\/vc_column][\/vc_row][vc_row css_animation=&#8221;&#8221; row_type=&#8221;row&#8221; use_row_as_full_screen_section=&#8221;no&#8221; type=&#8221;grid&#8221; angled_section=&#8221;no&#8221; text_align=&#8221;left&#8221; background_image_as_pattern=&#8221;without_pattern&#8221; padding_top=&#8221;131&#8243; padding_bottom=&#8221;93&#8243; z_index=&#8221;&#8221; css=&#8221;.vc_custom_1515674423381{background-color: #ffffff !important;}&#8221;][vc_column offset=&#8221;vc_col-md-8&#8243;][qode_elements_holder number_of_columns=&#8221;one_column&#8221;][qode_elements_holder_item advanced_animations=&#8221;no&#8221; item_padding=&#8221;0 11% 0 0&#8243;][vc_column_text]<\/p>\n<h2>\u00dcber mich<\/h2>\n<p>[\/vc_column_text][vc_separator type=&#8221;small&#8221; position=&#8221;left&#8221; color=&#8221;#fab012&#8243; thickness=&#8221;4&#8243; width=&#8221;48&#8243; up=&#8221;23&#8243; down=&#8221;21&#8243;][vc_column_text]<\/p>\n<h5>Das wichtigste ist, dass Sie an meiner Arbeit lange Freude haben.\u00a0Mit \u00fcber 10 Jahren praktischer Erfahrung in meinem Handwerk im Raum D\u00fcsseldorf konnten bereits viele\u00a0Kundenw\u00fcnsche erfolgreich realisiert werden. Riskieren Sie einen Blick in meine bereits abgeschlossenen Projekte. Weitere Beispiele zur Inspiration finden Sie\u00a0<a href=\"\/arbeiten\">hier.<\/a><\/h5>\n<p>[\/vc_column_text][\/qode_elements_holder_item][\/qode_elements_holder][vc_empty_space height=&#8221;34px&#8221;][\/vc_column][vc_column offset=&#8221;vc_col-md-4&#8243;][vc_single_image image=&#8221;284&#8243; img_size=&#8221;full&#8221; qode_css_animation=&#8221;&#8221; qode_hover_animation=&#8221;zoom_in&#8221;][\/vc_column][\/vc_row][vc_row css_animation=&#8221;&#8221; row_type=&#8221;row&#8221; use_row_as_full_screen_section=&#8221;no&#8221; type=&#8221;full_width&#8221; angled_section=&#8221;no&#8221; text_align=&#8221;left&#8221; background_image_as_pattern=&#8221;without_pattern&#8221; z_index=&#8221;&#8221; background_image=&#8221;270&#8243;][vc_column][vc_empty_space height=&#8221;600px&#8221;][\/vc_column][\/vc_row][vc_row css_animation=&#8221;&#8221; row_type=&#8221;row&#8221; use_row_as_full_screen_section=&#8221;no&#8221; type=&#8221;grid&#8221; angled_section=&#8221;no&#8221; text_align=&#8221;left&#8221; background_image_as_pattern=&#8221;without_pattern&#8221; z_index=&#8221;&#8221;][vc_column][vc_empty_space][vc_column_text]<\/p>\n<h2>Meine Partnernetzwerke<\/h2>\n<p>[\/vc_column_text][vc_separator type=&#8221;small&#8221; position=&#8221;left&#8221;][vc_row_inner row_type=&#8221;row&#8221; type=&#8221;full_width&#8221; text_align=&#8221;left&#8221; css_animation=&#8221;&#8221;][vc_column_inner][vc_gallery type=&#8221;image_grid&#8221; images=&#8221;287,286,285&#8243; img_size=&#8221;full&#8221; onclick=&#8221;custom_link&#8221; custom_links_target=&#8221;_blank&#8221; column_number=&#8221;3&#8243; grayscale=&#8221;no&#8221; images_space=&#8221;gallery_with_space&#8221; custom_links=&#8221;#E-8_aHR0cHMlM0ElMkYlMkZ3d3cuc2NobHVldGVyLmRlJTJGJTJDaHR0cHMlM0ElMkYlMkZ3d3cucnViaS5jb20lMkYlMkNodHRwcyUzQSUyRiUyRnd3dy5uZXR6d2Vya2RlcmJlc3Rlbi5jb20lMkY=&#8221;][\/vc_column_inner][\/vc_row_inner][\/vc_column][\/vc_row][vc_row css_animation=&#8221;&#8221; row_type=&#8221;row&#8221; use_row_as_full_screen_section=&#8221;no&#8221; type=&#8221;grid&#8221; angled_section=&#8221;no&#8221; text_align=&#8221;left&#8221; background_image_as_pattern=&#8221;without_pattern&#8221; padding_top=&#8221;7&#8243; padding_bottom=&#8221;2&#8243; css=&#8221;.vc_custom_1588929302784{background-color: #63ad97 !important;}&#8221; z_index=&#8221;&#8221;][vc_column]<div class=\"container_inner\"><div class=\"call_to_action normal\" style=\"background-color: #63ad97;\"><div class=\"two_columns_75_25 clearfix\"><div class=\"text_wrapper column1\"><div class=\"call_to_action_text \" style=\"\">\n<h2>Rufen Sie uns an und vereinbaren Sie einen Termin mit uns.<\/h2>\n<\/div><\/div><div class=\"button_wrapper column2\"><a itemprop=\"url\" href=\"\/kontakt\" class=\"qbutton white \" target=\"_self\" style=\"color: #1a1a1a;border-color: #ffffff;background-color: #ffffff;\"data-hover-background-color=#1a1a1a data-hover-border-color=#1a1a1a data-hover-color=#ffffff>Anrufen<\/a><\/div><\/div><\/div><\/div>[\/vc_column][\/vc_row][vc_row css_animation=&#8221;&#8221; row_type=&#8221;row&#8221; use_row_as_full_screen_section=&#8221;no&#8221; type=&#8221;full_width&#8221; angled_section=&#8221;no&#8221; text_align=&#8221;left&#8221; background_image_as_pattern=&#8221;without_pattern&#8221;][vc_column][\/vc_column][\/vc_row]<\/p>\n","protected":false},"excerpt":{"rendered":"<p>[vc_row css_animation=&#8221;&#8221; row_type=&#8221;row&#8221; use_row_as_full_screen_section=&#8221;no&#8221; type=&#8221;full_width&#8221; angled_section=&#8221;no&#8221; text_align=&#8221;left&#8221; background_image_as_pattern=&#8221;without_pattern&#8221; z_index=&#8221;&#8221;][vc_column][rev_slider_vc alias=&#8221;home-slider&#8221;][\/vc_column][\/vc_row][vc_row css_animation=&#8221;&#8221; row_type=&#8221;row&#8221; use_row_as_full_screen_section=&#8221;no&#8221; type=&#8221;grid&#8221; angled_section=&#8221;no&#8221; text_align=&#8221;center&#8221; background_image_as_pattern=&#8221;without_pattern&#8221; z_index=&#8221;&#8221; css=&#8221;.vc_custom_1515744295490{background-color: #ecebeb !important;}&#8221;][vc_column css=&#8221;.vc_custom_1515594685991{margin-top: -14% !important;}&#8221;][vc_row_inner row_type=&#8221;row&#8221; type=&#8221;full_width&#8221; text_align=&#8221;center&#8221; css_animation=&#8221;&#8221;][vc_column_inner offset=&#8221;vc_col-md-4&#8243;][qode_elements_holder number_of_columns=&#8221;one_column&#8221;][qode_elements_holder_item advanced_animations=&#8221;no&#8221; background_color=&#8221;#ffffff&#8221; item_padding=&#8221;13% 11% 13% 11%&#8221;][vc_single_image image=&#8221;280&#8243; img_size=&#8221;full&#8221; alignment=&#8221;center&#8221; qode_css_animation=&#8221;&#8221;][vc_empty_space height=&#8221;34px&#8221;][vc_column_text] Planung [\/vc_column_text][vc_empty_space height=&#8221;13px&#8221;][vc_column_text]Bei der&#8230;<\/p>\n","protected":false},"author":1,"featured_media":0,"parent":0,"menu_order":0,"comment_status":"closed","ping_status":"closed","template":"full_width.php","meta":[],"_links":{"self":[{"href":"https:\/\/fliesen-haskiewicz.de\/index.php?rest_route=\/wp\/v2\/pages\/230"}],"collection":[{"href":"https:\/\/fliesen-haskiewicz.de\/index.php?rest_route=\/wp\/v2\/pages"}],"about":[{"href":"https:\/\/fliesen-haskiewicz.de\/index.php?rest_route=\/wp\/v2\/types\/page"}],"author":[{"embeddable":true,"href":"https:\/\/fliesen-haskiewicz.de\/index.php?rest_route=\/wp\/v2\/users\/1"}],"replies":[{"embeddable":true,"href":"https:\/\/fliesen-haskiewicz.de\/index.php?rest_route=%2Fwp%2Fv2%2Fcomments&post=230"}],"version-history":[{"count":9,"href":"https:\/\/fliesen-haskiewicz.de\/index.php?rest_route=\/wp\/v2\/pages\/230\/revisions"}],"predecessor-version":[{"id":299,"href":"https:\/\/fliesen-haskiewicz.de\/index.php?rest_route=\/wp\/v2\/pages\/230\/revisions\/299"}],"wp:attachment":[{"href":"https:\/\/fliesen-haskiewicz.de\/index.php?rest_route=%2Fwp%2Fv2%2Fmedia&parent=230"}],"curies":[{"name":"wp","href":"https:\/\/api.w.org\/{rel}","templated":true}]}}